{"id":443,"date":"2017-11-28T12:21:47","date_gmt":"2017-11-28T12:21:47","guid":{"rendered":"https:\/\/canexpol.pl\/?page_id=443"},"modified":"2026-03-31T15:47:35","modified_gmt":"2026-03-31T13:47:35","slug":"home","status":"publish","type":"page","link":"https:\/\/canexpol.pl\/en\/","title":{"rendered":"Main page"},"content":{"rendered":"","protected":false},"excerpt":{"rendered":"<p>Canexpol is a modern company specializing in the production of plastic products in injection molding and extrusion technology located in Ostr\u00f3w Mazowiecki.<\/p>\n","protected":false},"author":1,"featured_media":0,"parent":0,"menu_order":0,"comment_status":"closed","ping_status":"open","template":"","meta":{"om_disable_all_campaigns":false,"footnotes":""},"class_list":["post-443","page","type-page","status-publish","hentry"],"yoast_head":"<!-- This site is optimized with the Yoast SEO plugin v25.6 - https:\/\/yoast.com\/wordpress\/plugins\/seo\/ -->\n<title>Main page - canexpol.pl<\/title>\n<meta name=\"description\" content=\"Produkcja wyrob\u00f3w z tworzyw sztucznych nie ma przed nami tajemnic. Nieograniczone metody ich obr\u00f3bki, formowanie wytryskowe, doskonalenie technologii, troska o \u015brodowisko stanowi\u0105 dla nas wyzwanie i inspiracj\u0119.\" \/>\n<meta name=\"robots\" content=\"index, follow, max-snippet:-1, max-image-preview:large, max-video-preview:-1\" \/>\n<link rel=\"canonical\" href=\"https:\/\/canexpol.pl\/en\/home\/\" \/>\n<meta property=\"og:locale\" content=\"en_US\" \/>\n<meta property=\"og:type\" content=\"article\" \/>\n<meta property=\"og:title\" content=\"Main page - canexpol.pl\" \/>\n<meta property=\"og:description\" content=\"Produkcja wyrob\u00f3w z tworzyw sztucznych nie ma przed nami tajemnic. Nieograniczone metody ich obr\u00f3bki, formowanie wytryskowe, doskonalenie technologii, troska o \u015brodowisko stanowi\u0105 dla nas wyzwanie i inspiracj\u0119.\" \/>\n<meta property=\"og:url\" content=\"https:\/\/canexpol.pl\/en\/home\/\" \/>\n<meta property=\"og:site_name\" content=\"canexpol.pl\" \/>\n<meta property=\"article:publisher\" content=\"https:\/\/www.facebook.com\/Canexpol\/\" \/>\n<meta property=\"article:modified_time\" content=\"2026-03-31T13:47:35+00:00\" \/>\n<meta name=\"twitter:card\" content=\"summary_large_image\" \/>\n<script type=\"application\/ld+json\" class=\"yoast-schema-graph\">{\"@context\":\"https:\/\/schema.org\",\"@graph\":[{\"@type\":\"WebPage\",\"@id\":\"https:\/\/canexpol.pl\/en\/home\/\",\"url\":\"https:\/\/canexpol.pl\/en\/home\/\",\"name\":\"Main page - canexpol.pl\",\"isPartOf\":{\"@id\":\"https:\/\/canexpol.pl\/#website\"},\"datePublished\":\"2017-11-28T12:21:47+00:00\",\"dateModified\":\"2026-03-31T13:47:35+00:00\",\"description\":\"Produkcja wyrob\u00f3w z tworzyw sztucznych nie ma przed nami tajemnic. Nieograniczone metody ich obr\u00f3bki, formowanie wytryskowe, doskonalenie technologii, troska o \u015brodowisko stanowi\u0105 dla nas wyzwanie i inspiracj\u0119.\",\"inLanguage\":\"en-US\",\"potentialAction\":[{\"@type\":\"ReadAction\",\"target\":[\"https:\/\/canexpol.pl\/en\/home\/\"]}]},{\"@type\":\"WebSite\",\"@id\":\"https:\/\/canexpol.pl\/#website\",\"url\":\"https:\/\/canexpol.pl\/\",\"name\":\"canexpol.pl\",\"description\":\"Canexpol to nowoczesna firma specjalizuj\u0105ca si\u0119 w produkcji wyrob\u00f3w z tworzyw sztucznych w technologii formowania metod\u0105 wtrysku i wyt\u0142aczania z siedzib\u0105 w Ostrowi Mazowieckiej.\",\"publisher\":{\"@id\":\"https:\/\/canexpol.pl\/#organization\"},\"potentialAction\":[{\"@type\":\"SearchAction\",\"target\":{\"@type\":\"EntryPoint\",\"urlTemplate\":\"https:\/\/canexpol.pl\/?s={search_term_string}\"},\"query-input\":{\"@type\":\"PropertyValueSpecification\",\"valueRequired\":true,\"valueName\":\"search_term_string\"}}],\"inLanguage\":\"en-US\"},{\"@type\":\"Organization\",\"@id\":\"https:\/\/canexpol.pl\/#organization\",\"name\":\"Canexpol Sp. z o.o.\",\"url\":\"https:\/\/canexpol.pl\/\",\"logo\":{\"@type\":\"ImageObject\",\"inLanguage\":\"en-US\",\"@id\":\"https:\/\/canexpol.pl\/#\/schema\/logo\/image\/\",\"url\":\"https:\/\/canexpol.pl\/wp-content\/uploads\/2018\/09\/canexpol_apple_touch.png\",\"contentUrl\":\"https:\/\/canexpol.pl\/wp-content\/uploads\/2018\/09\/canexpol_apple_touch.png\",\"width\":180,\"height\":180,\"caption\":\"Canexpol Sp. z o.o.\"},\"image\":{\"@id\":\"https:\/\/canexpol.pl\/#\/schema\/logo\/image\/\"},\"sameAs\":[\"https:\/\/www.facebook.com\/Canexpol\/\",\"https:\/\/www.linkedin.com\/company\/canexpol\/\"]}]}<\/script>\n<!-- \/ Yoast SEO plugin. -->","yoast_head_json":{"title":"Main page - canexpol.pl","description":"Produkcja wyrob\u00f3w z tworzyw sztucznych nie ma przed nami tajemnic. Nieograniczone metody ich obr\u00f3bki, formowanie wytryskowe, doskonalenie technologii, troska o \u015brodowisko stanowi\u0105 dla nas wyzwanie i inspiracj\u0119.","robots":{"index":"index","follow":"follow","max-snippet":"max-snippet:-1","max-image-preview":"max-image-preview:large","max-video-preview":"max-video-preview:-1"},"canonical":"https:\/\/canexpol.pl\/en\/home\/","og_locale":"en_US","og_type":"article","og_title":"Main page - canexpol.pl","og_description":"Produkcja wyrob\u00f3w z tworzyw sztucznych nie ma przed nami tajemnic. Nieograniczone metody ich obr\u00f3bki, formowanie wytryskowe, doskonalenie technologii, troska o \u015brodowisko stanowi\u0105 dla nas wyzwanie i inspiracj\u0119.","og_url":"https:\/\/canexpol.pl\/en\/home\/","og_site_name":"canexpol.pl","article_publisher":"https:\/\/www.facebook.com\/Canexpol\/","article_modified_time":"2026-03-31T13:47:35+00:00","twitter_card":"summary_large_image","schema":{"@context":"https:\/\/schema.org","@graph":[{"@type":"WebPage","@id":"https:\/\/canexpol.pl\/en\/home\/","url":"https:\/\/canexpol.pl\/en\/home\/","name":"Main page - canexpol.pl","isPartOf":{"@id":"https:\/\/canexpol.pl\/#website"},"datePublished":"2017-11-28T12:21:47+00:00","dateModified":"2026-03-31T13:47:35+00:00","description":"Produkcja wyrob\u00f3w z tworzyw sztucznych nie ma przed nami tajemnic. Nieograniczone metody ich obr\u00f3bki, formowanie wytryskowe, doskonalenie technologii, troska o \u015brodowisko stanowi\u0105 dla nas wyzwanie i inspiracj\u0119.","inLanguage":"en-US","potentialAction":[{"@type":"ReadAction","target":["https:\/\/canexpol.pl\/en\/home\/"]}]},{"@type":"WebSite","@id":"https:\/\/canexpol.pl\/#website","url":"https:\/\/canexpol.pl\/","name":"canexpol.pl","description":"Canexpol to nowoczesna firma specjalizuj\u0105ca si\u0119 w produkcji wyrob\u00f3w z tworzyw sztucznych w technologii formowania metod\u0105 wtrysku i wyt\u0142aczania z siedzib\u0105 w Ostrowi Mazowieckiej.","publisher":{"@id":"https:\/\/canexpol.pl\/#organization"},"potentialAction":[{"@type":"SearchAction","target":{"@type":"EntryPoint","urlTemplate":"https:\/\/canexpol.pl\/?s={search_term_string}"},"query-input":{"@type":"PropertyValueSpecification","valueRequired":true,"valueName":"search_term_string"}}],"inLanguage":"en-US"},{"@type":"Organization","@id":"https:\/\/canexpol.pl\/#organization","name":"Canexpol Sp. z o.o.","url":"https:\/\/canexpol.pl\/","logo":{"@type":"ImageObject","inLanguage":"en-US","@id":"https:\/\/canexpol.pl\/#\/schema\/logo\/image\/","url":"https:\/\/canexpol.pl\/wp-content\/uploads\/2018\/09\/canexpol_apple_touch.png","contentUrl":"https:\/\/canexpol.pl\/wp-content\/uploads\/2018\/09\/canexpol_apple_touch.png","width":180,"height":180,"caption":"Canexpol Sp. z o.o."},"image":{"@id":"https:\/\/canexpol.pl\/#\/schema\/logo\/image\/"},"sameAs":["https:\/\/www.facebook.com\/Canexpol\/","https:\/\/www.linkedin.com\/company\/canexpol\/"]}]}},"_links":{"self":[{"href":"https:\/\/canexpol.pl\/en\/wp-json\/wp\/v2\/pages\/443"}],"collection":[{"href":"https:\/\/canexpol.pl\/en\/wp-json\/wp\/v2\/pages"}],"about":[{"href":"https:\/\/canexpol.pl\/en\/wp-json\/wp\/v2\/types\/page"}],"author":[{"embeddable":true,"href":"https:\/\/canexpol.pl\/en\/wp-json\/wp\/v2\/users\/1"}],"replies":[{"embeddable":true,"href":"https:\/\/canexpol.pl\/en\/wp-json\/wp\/v2\/comments?post=443"}],"version-history":[{"count":4,"href":"https:\/\/canexpol.pl\/en\/wp-json\/wp\/v2\/pages\/443\/revisions"}],"predecessor-version":[{"id":564,"href":"https:\/\/canexpol.pl\/en\/wp-json\/wp\/v2\/pages\/443\/revisions\/564"}],"wp:attachment":[{"href":"https:\/\/canexpol.pl\/en\/wp-json\/wp\/v2\/media?parent=443"}],"curies":[{"name":"wp","href":"https:\/\/api.w.org\/{rel}","templated":true}]}}